{"id":2286,"date":"2023-04-10T16:04:44","date_gmt":"2023-04-10T14:04:44","guid":{"rendered":"https:\/\/www.hirustica.fr\/?page_id=2286"},"modified":"2023-12-05T09:43:55","modified_gmt":"2023-12-05T08:43:55","slug":"reseaux","status":"publish","type":"page","link":"https:\/\/www.hirustica.fr\/en\/reseaux\/","title":{"rendered":"Networks"},"content":{"rendered":"<p><\/p>\n<div><\/div>\n<p><\/p>\n<div>\n<h3>In 2023, the Hirundo Rustica Company is a member of :<\/h3>\n<p>In France<\/p>\n<p><a href=\"https:\/\/bretagnesworldsounds.wordpress.com\/\">Bretagne(s) Word Sounds &#8211; Collectif \u00e0 Rostrenen (22)<\/a><\/p>\n<p><a href=\"http:\/\/www.zonefranche.com\/\">Zone Franche &#8211; R\u00e9seau national des musiques du monde<\/a><\/p>\n<p><a href=\"https:\/\/www.famdt.com\">FAMDT &#8211; F\u00e9d\u00e9ration des Acteurs et Actrices des Musiques et Danses Traditionnelles<\/a><\/p>\n<p><a href=\"http:\/\/adess-ouest22.bzh\">ADESS Ouest C\u00f4tes d&#8217;Armor\u00a0&#8211; P\u00f4le de d\u00e9veloppement de l&#8217;Economie Sociale et Solidaire en Bretagne<\/a><\/p>\n<p><a href=\"https:\/\/ancre-bretagne.fr\/\">R\u00e9seau ANCRE Bretagne &#8211; R\u00e9seau Spectacle Vivant Jeune Public<\/a><\/p>\n<p><a href=\"https:\/\/www.sma-syndicat.org\/\">SMA &#8211; Syndicat des Musiques Actuelles<\/a><\/p>\n<p>&nbsp;<\/p>\n<h4>In Brittany<\/h4>\n<p><a href=\"http:\/\/www.labelsbizzzh.bzh\/\">labelsBiZzzzH &#8211; Collectif de producteurs ind\u00e9pendants de musiques enregistr\u00e9es<\/a><\/p>\n<\/div>\n<p><a href=\"https:\/\/www.logellou.com\/\">Fur Ha Foll (Le Logello\u00f9 \u2013 Centre d&#8217;exploration et de cr\u00e9ation artistique)<\/a><\/p>\n<p><a href=\"https:\/\/www.amzernevez.bzh\/\">Amzer Nevez \u2013 Centre Culturel Breton<\/a><\/p>\n<p><a href=\"https:\/\/www.tiarvro22.bzh\/\">Ti Ar Vro Treger-Gouelo\u00f9 \u2013 Maison de la culture bretonne en Tr\u00e9gor-Go\u00eblo<\/a><\/p>\n<p><a href=\"http:\/\/www.rkb.bzh\/\">Radio Kreiz Breizh<\/a><\/p>","protected":false},"excerpt":{"rendered":"<p>In 2023, the Hirundo Rustica Company is a member of : In France Bretagne(s) Word Sounds &#8211; Collectif \u00e0 Rostrenen (22) Zone Franche &#8211; R\u00e9seau national des musiques du monde FAMDT &#8211; F\u00e9d\u00e9ration des Acteurs et Actrices des Musiques et Danses Traditionnelles ADESS Ouest C\u00f4tes d&#8217;Armor\u00a0&#8211; P\u00f4le de d\u00e9veloppement de[&#8230;]<\/p>\n","protected":false},"author":2,"featured_media":0,"parent":0,"menu_order":0,"comment_status":"closed","ping_status":"closed","template":"","meta":{"footnotes":""},"class_list":["post-2286","page","type-page","status-publish","hentry"],"_links":{"self":[{"href":"https:\/\/www.hirustica.fr\/en\/wp-json\/wp\/v2\/pages\/2286","targetHints":{"allow":["GET"]}}],"collection":[{"href":"https:\/\/www.hirustica.fr\/en\/wp-json\/wp\/v2\/pages"}],"about":[{"href":"https:\/\/www.hirustica.fr\/en\/wp-json\/wp\/v2\/types\/page"}],"author":[{"embeddable":true,"href":"https:\/\/www.hirustica.fr\/en\/wp-json\/wp\/v2\/users\/2"}],"replies":[{"embeddable":true,"href":"https:\/\/www.hirustica.fr\/en\/wp-json\/wp\/v2\/comments?post=2286"}],"version-history":[{"count":9,"href":"https:\/\/www.hirustica.fr\/en\/wp-json\/wp\/v2\/pages\/2286\/revisions"}],"predecessor-version":[{"id":2863,"href":"https:\/\/www.hirustica.fr\/en\/wp-json\/wp\/v2\/pages\/2286\/revisions\/2863"}],"wp:attachment":[{"href":"https:\/\/www.hirustica.fr\/en\/wp-json\/wp\/v2\/media?parent=2286"}],"curies":[{"name":"wp","href":"https:\/\/api.w.org\/{rel}","templated":true}]}}