{"id":225,"date":"2017-08-21T10:12:05","date_gmt":"2017-08-21T08:12:05","guid":{"rendered":"http:\/\/www.hirustica.fr\/?post_type=product&#038;p=225"},"modified":"2020-12-08T15:06:18","modified_gmt":"2020-12-08T14:06:18","slug":"la-cooperative","status":"publish","type":"product","link":"https:\/\/www.hirustica.fr\/en\/boutique\/la-cooperative\/","title":{"rendered":"LA COOP\u00c9RATIVE"},"content":{"rendered":"","protected":false},"excerpt":{"rendered":"<h3>R\u00c9F\u00c9RENCE HIR-200703<\/h3>\n<p>\u00ab\u00a0La Coop\u00e9rative\u00a0\u00bb of Gaby Kerdoncuff is a formation of 8 musiciens and 1 singer created in 2002. In this disc, recorded in 2006, you can forget the duo biniou-bombarde or its trio with the drum. Here, the group offers a rereading of its Breton roots with all kinds of brass, flutes, accordion, double bass, vibraphone and percussion. In 8 tracks, \u00ab\u00a0La Coop\u00e9rative\u00a0\u00bb makes us rediscover traditional Breton dances and songs by mixing them with jazz, Mediterranean and oriental sounds. This album is a travel proposal and even an invitation to dance a few steps.<\/p>\n<h3>Artists<\/h3>\n<p><strong>Gaby Kerdoncuff :<\/strong> trumpet, bugle<br \/>\n<strong>Marthe Vassallo :<\/strong> vocal<br \/>\n<strong>Karl Gourion :<\/strong> saxophone alto &amp; soprano<br \/>\n<strong>Daniel Beaussier :<\/strong> oboe, saxophone baryton, alto, clarinet<br \/>\n<strong>Thomas Dalle :<\/strong> vibraphone<br \/>\n<strong>Guillaume Robert :<\/strong> double bass<br \/>\n<strong>Dominique Molard :<\/strong> percussion<br \/>\n<strong>Lo\u00efc Le Borgne :<\/strong> accordion<br \/>\n<strong>Jean-Mathias Petri :<\/strong> flutes<\/p>\n<h3>Tracks<\/h3>\n<p>1 &#8211; Beverly plinn<br \/>\n2 &#8211; Teir plac&#8217;h a Landevant<br \/>\n3 &#8211; Plevin-Johanesburg<br \/>\n4 &#8211; Meloudia<br \/>\n5 &#8211; Trinkamb hag evamb<br \/>\n6 &#8211; Pato Plinn<br \/>\n7 &#8211; Hanter dro kroaz er lann<br \/>\n8 &#8211; Ar plac&#8217;h inferniet<\/p>\n<h2>Listen<\/h2>\n<p>To purchase the physical disk, add to cart at the bottom of the page and order.<br \/>\nTo make a digital purchase on bandcamp, use the reader below:<br \/>\n<iframe style=\"border: 0; width: 350px; height: 720px;\" src=\"https:\/\/bandcamp.com\/EmbeddedPlayer\/album=2306827787\/size=large\/bgcol=ffffff\/linkcol=de270f\/transparent=true\/\" seamless=\"\" data-mce-fragment=\"1\"><a href=\"https:\/\/gabykerdoncuff.bandcamp.com\/album\/la-cooperative\">La COOPERATIVE by LA COOP\u00c9RATIVE<\/a><\/iframe><\/p>\n<p>&nbsp;<\/p>\n","protected":false},"featured_media":146,"template":"","meta":[],"product_brand":[],"product_cat":[16],"product_tag":[],"class_list":{"0":"post-225","1":"product","2":"type-product","3":"status-publish","4":"has-post-thumbnail","6":"product_cat-gaby-kerdoncuff","8":"first","9":"instock","10":"taxable","11":"shipping-taxable","12":"purchasable","13":"product-type-simple"},"_links":{"self":[{"href":"https:\/\/www.hirustica.fr\/en\/wp-json\/wp\/v2\/product\/225","targetHints":{"allow":["GET"]}}],"collection":[{"href":"https:\/\/www.hirustica.fr\/en\/wp-json\/wp\/v2\/product"}],"about":[{"href":"https:\/\/www.hirustica.fr\/en\/wp-json\/wp\/v2\/types\/product"}],"wp:featuredmedia":[{"embeddable":true,"href":"https:\/\/www.hirustica.fr\/en\/wp-json\/wp\/v2\/media\/146"}],"wp:attachment":[{"href":"https:\/\/www.hirustica.fr\/en\/wp-json\/wp\/v2\/media?parent=225"}],"wp:term":[{"taxonomy":"product_brand","embeddable":true,"href":"https:\/\/www.hirustica.fr\/en\/wp-json\/wp\/v2\/product_brand?post=225"},{"taxonomy":"product_cat","embeddable":true,"href":"https:\/\/www.hirustica.fr\/en\/wp-json\/wp\/v2\/product_cat?post=225"},{"taxonomy":"product_tag","embeddable":true,"href":"https:\/\/www.hirustica.fr\/en\/wp-json\/wp\/v2\/product_tag?post=225"}],"curies":[{"name":"wp","href":"https:\/\/api.w.org\/{rel}","templated":true}]}}